{"id":12724,"date":"2022-02-24T17:17:41","date_gmt":"2022-02-24T16:17:41","guid":{"rendered":"https:\/\/www.onj.org\/?page_id=12724"},"modified":"2025-03-19T11:35:11","modified_gmt":"2025-03-19T10:35:11","slug":"mentions-legales-2019","status":"publish","type":"page","link":"https:\/\/www.onj.org\/en\/mentions-legales-2019\/","title":{"rendered":"Legals and Credits"},"content":{"rendered":"\n<div style=\"height:50px\" aria-hidden=\"true\" class=\"wp-block-spacer\"><\/div>\n\n\n\n<p><strong>Le site www.onj.org est \u00e9dit\u00e9 par<br>l&#8217;Orchestre National de Jazz<br><\/strong>Association Loi 1901<br>SIRET 334 570 488 000 67<br>Code APE : &nbsp;9001Z<br>Licence d&#8217;entrepreneur du spectacle L-R-22-8410<\/p>\n\n\n\n<p>4 rue de la Pr\u00e9voyance 75019 Paris, France<br>Num\u00e9ro de t\u00e9l\u00e9phone : +33 (0)1 82 83 43 21 \u2022 email : <a href=\"mailto:contact@onj.org\">contact@onj.org<\/a><\/p>\n\n\n\n<p><strong style=\"font-size: revert; color: initial; font-family: -apple-system, BlinkMacSystemFont, 'Segoe UI', Roboto, Oxygen-Sans, Ubuntu, Cantarell, 'Helvetica Neue', sans-serif;\">Directrice de la publication<br><\/strong><span style=\"font-size: revert; color: initial; font-family: -apple-system, BlinkMacSystemFont, 'Segoe UI', Roboto, Oxygen-Sans, Ubuntu, Cantarell, 'Helvetica Neue', sans-serif;\">Sylvaine H\u00e9lary<\/span><\/p>\n\n\n\n<p><strong>Responsable \u00e9ditoriale<\/strong><br>Emmanuelle Rogeau<\/p>\n\n\n\n<p><strong>D\u00e9veloppement et conception<\/strong><br>Mathieu Billaud &#8211; Anima Productions<br><a href=\"http:\/\/www.animaproductions.com\/\">www.animaproductions.com<\/a><\/p>\n\n\n\n<p><strong>Conception graphique<\/strong><br>J\u00e9r\u00f4me Witz &#8211; element-s<br><a href=\"http:\/\/www.element-s.fr\/elements\">www.elements.fr<\/a><\/p>\n\n\n\n<p><strong>H\u00e9bergement<\/strong><br>Infomaniak<br><a href=\"https:\/\/www.infomaniak.com\/fr\">www.infomaniak.com<\/a><\/p>\n\n\n\n<p><strong>Cr\u00e9dits photos Porgrammes \/ Musicien\u00b7ne\u00b7s<br><\/strong>Julien Mignot<\/p>\n\n\n\n<p><strong>Propri\u00e9t\u00e9 intellectuelle<\/strong><br>Le site de l\u2019Orchestre National de Jazz rel\u00e8ve de la l\u00e9gislation fran\u00e7aise et internationale sur le droit d\u2019auteur et la propri\u00e9t\u00e9 intellectuelle. Son contenu, y compris pour les documents t\u00e9l\u00e9chargeables, et sa structure sont r\u00e9serv\u00e9s au titre du droit d\u2019auteur ainsi qu\u2019au titre de la propri\u00e9t\u00e9 intellectuelle, pour le monde entier. Toute reproduction m\u00eame partielle d\u2019un article est soumise \u00e0 l\u2019autorisation de l\u2019ONJ.&nbsp;De la m\u00eame mani\u00e8re, tous les droits des auteurs des \u0153uvres prot\u00e9g\u00e9es reproduites et communiqu\u00e9es sur ce site sont r\u00e9serv\u00e9s. Sauf autorisation, toute utilisation des \u0153uvres autres que la reproduction et la consultation individuelles et priv\u00e9es sont interdites.<\/p>\n\n\n\n<p><strong>Conditions d&#8217;utilisation<\/strong><br>Les informations de ce site sont donn\u00e9es&nbsp;\u00e0 titre indicatif et sont susceptibles d\u2019\u00eatre modifi\u00e9es.<\/p>\n\n\n\n<p><strong>Utilisation des donn\u00e9es personnelles<br><\/strong>Les donn\u00e9es personnelles ne sont pas divulgu\u00e9es \u00e0 des tiers.<br>Lorsque vous vous inscrivez \u00e0 la newsletter de l\u2019Orchestre National de Jazz, votre email est utilis\u00e9 pour vous envoyer des informations r\u00e9guli\u00e8res sur nos activit\u00e9s.<br>Vous pouvez vous d\u00e9sabonner \u00e0 tout moment de notre newsletter en cliquant sur &#8220;Se d\u00e9sabonner&#8221; situ\u00e9 dans le bas de page de la newsletter.<br>Conform\u00e9ment \u00e0 la loi dite \u00ab Informatique et libert\u00e9s \u00bb du 6 janvier 1978, tout utilisateur dispose d\u2019un droit d\u2019acc\u00e8s et de rectification sur les donn\u00e9es le concernant. Pour exercer ce droit, adressez-vous \u00e0 l&#8217;\u00e9diteur.<\/p>\n\n\n\n<p><strong>Avertissement <\/strong>: Programmes et informations donn\u00e9s sous r\u00e9serve de modifications.<\/p>\n\n\n\n<p><\/p>\n","protected":false},"excerpt":{"rendered":"<p>Le site www.onj.org est \u00e9dit\u00e9 parl&#8217;Orchestre National de JazzAssociation Loi 1901SIRET 334 570 488 000 67Code APE : &nbsp;9001ZLicence d&#8217;entrepreneur du spectacle L-R-22-8410 4 rue de la Pr\u00e9voyance 75019 Paris, FranceNum\u00e9ro de t\u00e9l\u00e9phone : +33 [&hellip;]<\/p>\n","protected":false},"author":1,"featured_media":0,"parent":0,"menu_order":0,"comment_status":"closed","ping_status":"closed","template":"","meta":{"footnotes":""},"acf":[],"_links":{"self":[{"href":"https:\/\/www.onj.org\/en\/wp-json\/wp\/v2\/pages\/12724"}],"collection":[{"href":"https:\/\/www.onj.org\/en\/wp-json\/wp\/v2\/pages"}],"about":[{"href":"https:\/\/www.onj.org\/en\/wp-json\/wp\/v2\/types\/page"}],"author":[{"embeddable":true,"href":"https:\/\/www.onj.org\/en\/wp-json\/wp\/v2\/users\/1"}],"replies":[{"embeddable":true,"href":"https:\/\/www.onj.org\/en\/wp-json\/wp\/v2\/comments?post=12724"}],"version-history":[{"count":8,"href":"https:\/\/www.onj.org\/en\/wp-json\/wp\/v2\/pages\/12724\/revisions"}],"predecessor-version":[{"id":20656,"href":"https:\/\/www.onj.org\/en\/wp-json\/wp\/v2\/pages\/12724\/revisions\/20656"}],"wp:attachment":[{"href":"https:\/\/www.onj.org\/en\/wp-json\/wp\/v2\/media?parent=12724"}],"curies":[{"name":"wp","href":"https:\/\/api.w.org\/{rel}","templated":true}]}}